{"id":1472,"date":"2019-06-27T20:04:35","date_gmt":"2019-06-27T20:04:35","guid":{"rendered":"https:\/\/www.utopiapws.com\/web\/?page_id=1472"},"modified":"2025-04-25T10:49:49","modified_gmt":"2025-04-25T10:49:49","slug":"financiamiento","status":"publish","type":"page","link":"https:\/\/www.utopiapws.com\/web\/financiamiento\/","title":{"rendered":"FINANCIAMIENTO"},"content":{"rendered":"\n<div class=\"wp-block-image\"><figure class=\"alignleft\"><img loading=\"lazy\" decoding=\"async\" width=\"109\" height=\"100\" src=\"https:\/\/www.utopiapws.com\/web\/wp-content\/uploads\/2020\/07\/3-CUOTAS.jpg\" alt=\"\" class=\"wp-image-3401\"\/><\/figure><\/div>\n\n\n\n<p class=\"has-medium-font-size\"><strong>CONTAMOS CON 3 CUOTAS PRECIO CONTADO  CON PAGOS CON TARJETAS DE CREDITO.  TAMBIEN CON 12 a 24 CUOTAS DE ACUERDO A LAS PROMOCIONES VIJENTES DE LOS BANCOS EMISORES DE TARJETAS DE CREDITO PARA EL RUBRO AUTOMOTRIZ.<\/strong><\/p>\n\n\n\n<div style=\"height:10px\" aria-hidden=\"true\" class=\"wp-block-spacer\"><\/div>\n\n\n\n<hr class=\"wp-block-separator is-style-wide\"\/>\n\n\n\n<hr class=\"wp-block-separator is-style-wide\"\/>\n\n\n\n<div class=\"wp-block-columns has-2-columns is-layout-flex wp-container-core-columns-is-layout-1 wp-block-columns-is-layout-flex\">\n<div class=\"wp-block-column is-layout-flow wp-block-column-is-layout-flow\">\n<div class=\"wp-block-image\"><figure class=\"aligncenter is-resized\"><img loading=\"lazy\" decoding=\"async\" src=\"https:\/\/www.utopiapws.com\/web\/wp-content\/uploads\/2019\/06\/transbank-1024x525.jpg\" alt=\"\" class=\"wp-image-1487\" width=\"256\" height=\"131\" srcset=\"https:\/\/www.utopiapws.com\/web\/wp-content\/uploads\/2019\/06\/transbank-1024x525.jpg 1024w, https:\/\/www.utopiapws.com\/web\/wp-content\/uploads\/2019\/06\/transbank-300x154.jpg 300w, https:\/\/www.utopiapws.com\/web\/wp-content\/uploads\/2019\/06\/transbank-768x394.jpg 768w, https:\/\/www.utopiapws.com\/web\/wp-content\/uploads\/2019\/06\/transbank.jpg 1684w\" sizes=\"(max-width: 256px) 100vw, 256px\" \/><\/figure><\/div>\n<\/div>\n\n\n\n<div class=\"wp-block-column is-layout-flow wp-block-column-is-layout-flow\">\n<div class=\"wp-block-image\"><figure class=\"aligncenter is-resized\"><img loading=\"lazy\" decoding=\"async\" src=\"https:\/\/www.utopiapws.com\/web\/wp-content\/uploads\/2019\/06\/images.png\" alt=\"\" class=\"wp-image-1488\" width=\"402\" height=\"125\" srcset=\"https:\/\/www.utopiapws.com\/web\/wp-content\/uploads\/2019\/06\/images.png 402w, https:\/\/www.utopiapws.com\/web\/wp-content\/uploads\/2019\/06\/images-300x93.png 300w\" sizes=\"(max-width: 402px) 100vw, 402px\" \/><\/figure><\/div>\n<\/div>\n<\/div>\n\n\n\n<p style=\"text-align:center\" class=\"has-medium-font-size\"><strong>Aceptamos pagos con tarjetas de Cr\u00e9dito que est\u00e1n asociadas al sistema Transbank.  Tambi\u00e9n podemos recibir pago por Webpay de Transbank.<\/strong><\/p>\n\n\n\n<hr class=\"wp-block-separator is-style-dots\"\/>\n\n\n\n<div class=\"wp-block-image\"><figure class=\"aligncenter\"><a href=\"http:\/\/www.utopiapws.com\/webpay.html\" target=\"_blank\" rel=\"noreferrer noopener\"><img loading=\"lazy\" decoding=\"async\" width=\"459\" height=\"58\" src=\"https:\/\/www.utopiapws.com\/web\/wp-content\/uploads\/2020\/07\/Screenshot-2020-07-30-21.57.18.png\" alt=\"\" class=\"wp-image-3409\" srcset=\"https:\/\/www.utopiapws.com\/web\/wp-content\/uploads\/2020\/07\/Screenshot-2020-07-30-21.57.18.png 459w, https:\/\/www.utopiapws.com\/web\/wp-content\/uploads\/2020\/07\/Screenshot-2020-07-30-21.57.18-300x38.png 300w\" sizes=\"(max-width: 459px) 100vw, 459px\" \/><\/a><\/figure><\/div>\n","protected":false},"excerpt":{"rendered":"<p>CONTAMOS CON 3 CUOTAS PRECIO CONTADO CON PAGOS CON TARJETAS DE CREDITO. TAMBIEN CON 12 a 24 CUOTAS DE ACUERDO A LAS PROMOCIONES VIJENTES DE LOS BANCOS EMISORES DE TARJETAS DE CREDITO PARA EL RUBRO AUTOMOTRIZ. Aceptamos pagos con tarjetas de Cr\u00e9dito que est\u00e1n asociadas al sistema Transbank. Tambi\u00e9n podemos recibir pago por Webpay de Transbank.<\/p>\n","protected":false},"author":1,"featured_media":0,"parent":0,"menu_order":0,"comment_status":"closed","ping_status":"closed","template":"","meta":{"footnotes":""},"class_list":["post-1472","page","type-page","status-publish","hentry"],"_links":{"self":[{"href":"https:\/\/www.utopiapws.com\/web\/wp-json\/wp\/v2\/pages\/1472"}],"collection":[{"href":"https:\/\/www.utopiapws.com\/web\/wp-json\/wp\/v2\/pages"}],"about":[{"href":"https:\/\/www.utopiapws.com\/web\/wp-json\/wp\/v2\/types\/page"}],"author":[{"embeddable":true,"href":"https:\/\/www.utopiapws.com\/web\/wp-json\/wp\/v2\/users\/1"}],"replies":[{"embeddable":true,"href":"https:\/\/www.utopiapws.com\/web\/wp-json\/wp\/v2\/comments?post=1472"}],"version-history":[{"count":10,"href":"https:\/\/www.utopiapws.com\/web\/wp-json\/wp\/v2\/pages\/1472\/revisions"}],"predecessor-version":[{"id":3415,"href":"https:\/\/www.utopiapws.com\/web\/wp-json\/wp\/v2\/pages\/1472\/revisions\/3415"}],"wp:attachment":[{"href":"https:\/\/www.utopiapws.com\/web\/wp-json\/wp\/v2\/media?parent=1472"}],"curies":[{"name":"wp","href":"https:\/\/api.w.org\/{rel}","templated":true}]}}